{"id":246,"date":"2015-01-21T16:00:51","date_gmt":"2015-01-21T16:00:51","guid":{"rendered":"http:\/\/daily-life.fr\/AroundAsia\/?page_id=246"},"modified":"2015-01-23T11:40:04","modified_gmt":"2015-01-23T11:40:04","slug":"a-propos","status":"publish","type":"page","link":"https:\/\/lucsinardet.fr\/AroundAsia\/a-propos\/","title":{"rendered":"A propos de nous"},"content":{"rendered":"<p>&nbsp;<\/p>\n<h2 style=\"text-align: center;\"><strong>Bienvenue sur AroundAsia<\/strong><\/h2>\n<p>&nbsp;<\/p>\n<h3><em>Qui sommes-nous ?<\/em><\/h3>\n<p style=\"text-align: justify;\"><strong>Luc<\/strong> un grenoblois de 24 ans et <strong>Marie<\/strong> une grenobloise de 20 ans. Nous avons d\u00e9cid\u00e9 de partir \u00e0 la d\u00e9couverte de l&rsquo;Asie, de F\u00e9vrier 2015 \u00e0 Juillet 2015, afin de d\u00e9couvrir la culture, les paysages, ainsi que la population de 4 pays qui sont l&rsquo;Inde, le N\u00e9pal, la Chine et L&rsquo;Indon\u00e9sie.<\/p>\n<p>&nbsp;<\/p>\n<hr \/>\n<p>&nbsp;<\/p>\n<h3><em>Que peut-on lire sur notre blog voyage ?<\/em><\/h3>\n<p style=\"text-align: justify;\">Retrouvez sur <strong>AroundAsia <\/strong>tout notre parcours durant les 5 mois et demi que nous allons passer dans l&rsquo;Est de notre continent.<\/p>\n<p style=\"text-align: justify;\">Durant votre visite n&rsquo;h\u00e9sitez pas a laisser des commentaires, vous inscrire au blog ou tout simplement admirer ce que vous pouvez voir en image mais que nous verrons en vrai \ud83d\ude06<\/p>\n<p><strong>\u0936\u0941\u092d \u092f\u093e\u0924\u094d\u0930\u093e<\/strong><br \/>\n<strong> \u015aubha y\u0101tr\u0101<\/strong><br \/>\n<strong> Bonne visite \ud83d\ude09<\/strong><\/p>\n","protected":false},"excerpt":{"rendered":"<p>&nbsp; Bienvenue sur AroundAsia &nbsp; Qui sommes-nous ? Luc un grenoblois de 24 ans et Marie une grenobloise de 20 ans. Nous avons d\u00e9cid\u00e9 de partir \u00e0 la d\u00e9couverte de l&rsquo;Asie, de F\u00e9vrier 2015 \u00e0 Juillet 2015, afin de d\u00e9couvrir la culture, les paysages, ainsi que la population de 4 pays qui sont l&rsquo;Inde, le [&hellip;]<\/p>\n","protected":false},"author":2,"featured_media":0,"parent":0,"menu_order":0,"comment_status":"open","ping_status":"open","template":"","meta":[],"_links":{"self":[{"href":"https:\/\/lucsinardet.fr\/AroundAsia\/wp-json\/wp\/v2\/pages\/246"}],"collection":[{"href":"https:\/\/lucsinardet.fr\/AroundAsia\/wp-json\/wp\/v2\/pages"}],"about":[{"href":"https:\/\/lucsinardet.fr\/AroundAsia\/wp-json\/wp\/v2\/types\/page"}],"author":[{"embeddable":true,"href":"https:\/\/lucsinardet.fr\/AroundAsia\/wp-json\/wp\/v2\/users\/2"}],"replies":[{"embeddable":true,"href":"https:\/\/lucsinardet.fr\/AroundAsia\/wp-json\/wp\/v2\/comments?post=246"}],"version-history":[{"count":0,"href":"https:\/\/lucsinardet.fr\/AroundAsia\/wp-json\/wp\/v2\/pages\/246\/revisions"}],"wp:attachment":[{"href":"https:\/\/lucsinardet.fr\/AroundAsia\/wp-json\/wp\/v2\/media?parent=246"}],"curies":[{"name":"wp","href":"https:\/\/api.w.org\/{rel}","templated":true}]}}